{"id":4714,"date":"2022-05-22T09:09:58","date_gmt":"2022-05-22T09:09:58","guid":{"rendered":"https:\/\/www.sanitationformillions.org\/project-countries\/"},"modified":"2023-09-12T14:39:09","modified_gmt":"2023-09-12T14:39:09","slug":"project-countries","status":"publish","type":"page","link":"https:\/\/www.sanitationformillions.org\/de\/project-countries\/","title":{"rendered":"Project Countries"},"content":{"rendered":"\t\t<div data-elementor-type=\"wp-page\" data-elementor-id=\"4714\" class=\"elementor elementor-4714 elementor-1098\" data-elementor-post-type=\"page\">\n\t\t\t\t\t\t<section class=\"elementor-section elementor-top-section elementor-element elementor-element-452f441 elementor-section-height-min-height elementor-section-items-bottom elementor-section-boxed elementor-section-height-default\" data-id=\"452f441\" data-element_type=\"section\" data-e-type=\"section\" data-settings=\"{&quot;background_background&quot;:&quot;classic&quot;}\">\n\t\t\t\t\t\t\t<div class=\"elementor-background-overlay\"><\/div>\n\t\t\t\t\t\t\t<div class=\"elementor-container elementor-column-gap-default\">\n\t\t\t\t\t<div class=\"elementor-column elementor-col-100 elementor-top-column elementor-element elementor-element-2e6f648\" data-id=\"2e6f648\" data-element_type=\"column\" data-e-type=\"column\" data-settings=\"{&quot;background_background&quot;:&quot;classic&quot;}\">\n\t\t\t<div class=\"elementor-widget-wrap elementor-element-populated\">\n\t\t\t\t\t\t<div class=\"elementor-element elementor-element-1d929ee elementor-widget elementor-widget-heading\" data-id=\"1d929ee\" data-element_type=\"widget\" data-e-type=\"widget\" data-widget_type=\"heading.default\">\n\t\t\t\t<div class=\"elementor-widget-container\">\n\t\t\t\t\t<h2 class=\"elementor-heading-title elementor-size-default\">Wo wir arbeiten<\/h2>\t\t\t\t<\/div>\n\t\t\t\t<\/div>\n\t\t\t\t<div class=\"elementor-element elementor-element-57bc40c elementor-widget elementor-widget-text-editor\" data-id=\"57bc40c\" data-element_type=\"widget\" data-e-type=\"widget\" data-widget_type=\"text-editor.default\">\n\t\t\t\t<div class=\"elementor-widget-container\">\n\t\t\t\t\t\t\t\t\t<p>Finde heraus, in welchen L\u00e4ndern wir arbeiten<\/p>\t\t\t\t\t\t\t\t<\/div>\n\t\t\t\t<\/div>\n\t\t\t\t\t<\/div>\n\t\t<\/div>\n\t\t\t\t\t<\/div>\n\t\t<\/section>\n\t\t\t\t<section class=\"elementor-section elementor-top-section elementor-element elementor-element-32ed2d6 elementor-section-boxed elementor-section-height-default elementor-section-height-default\" data-id=\"32ed2d6\" data-element_type=\"section\" data-e-type=\"section\">\n\t\t\t\t\t\t<div class=\"elementor-container elementor-column-gap-default\">\n\t\t\t\t\t<div class=\"elementor-column elementor-col-100 elementor-top-column elementor-element elementor-element-a940ed5\" data-id=\"a940ed5\" data-element_type=\"column\" data-e-type=\"column\">\n\t\t\t<div class=\"elementor-widget-wrap elementor-element-populated\">\n\t\t\t\t\t\t<div class=\"elementor-element elementor-element-1cd1a19 elementor-widget elementor-widget-heading\" data-id=\"1cd1a19\" data-element_type=\"widget\" data-e-type=\"widget\" data-widget_type=\"heading.default\">\n\t\t\t\t<div class=\"elementor-widget-container\">\n\t\t\t\t\t<h1 class=\"elementor-heading-title elementor-size-default\">Projektl\u00e4nder\n<\/h1>\t\t\t\t<\/div>\n\t\t\t\t<\/div>\n\t\t\t\t\t<\/div>\n\t\t<\/div>\n\t\t\t\t\t<\/div>\n\t\t<\/section>\n\t\t\t\t<section class=\"elementor-section elementor-top-section elementor-element elementor-element-5e335ca elementor-section-boxed elementor-section-height-default elementor-section-height-default\" data-id=\"5e335ca\" data-element_type=\"section\" data-e-type=\"section\">\n\t\t\t\t\t\t<div class=\"elementor-container elementor-column-gap-default\">\n\t\t\t\t\t<div class=\"elementor-column elementor-col-25 elementor-top-column elementor-element elementor-element-389a36b\" data-id=\"389a36b\" data-element_type=\"column\" data-e-type=\"column\">\n\t\t\t<div class=\"elementor-widget-wrap\">\n\t\t\t\t\t\t\t<\/div>\n\t\t<\/div>\n\t\t\t\t<div class=\"elementor-column elementor-col-50 elementor-top-column elementor-element elementor-element-d94850f\" data-id=\"d94850f\" data-element_type=\"column\" data-e-type=\"column\">\n\t\t\t<div class=\"elementor-widget-wrap elementor-element-populated\">\n\t\t\t\t\t\t<div class=\"elementor-element elementor-element-51de4b7 elementor-widget elementor-widget-shortcode\" data-id=\"51de4b7\" data-element_type=\"widget\" data-e-type=\"widget\" data-widget_type=\"shortcode.default\">\n\t\t\t\t<div class=\"elementor-widget-container\">\n\t\t\t\t\t\t\t<div class=\"elementor-shortcode\"><!-- Styles -->\r\n<style>\r\n#chartdiv {\r\n  width: 100%;\r\n  height: 500px;\r\n}\r\n<\/style>\r\n<script src=\"\/wp-content\/themes\/hello-elementor\/assets\/amcharts\/4\/core.js\"><\/script>\r\n<script src=\"\/wp-content\/themes\/hello-elementor\/assets\/amcharts\/4\/maps.js\"><\/script>\r\n<script src=\"\/wp-content\/themes\/hello-elementor\/assets\/amcharts\/4\/geodata\/continentsLow.js\"><\/script>\r\n<script src=\"\/wp-content\/themes\/hello-elementor\/assets\/amcharts\/4\/geodata\/worldLow.js\"><\/script>\r\n<script src=\"\/wp-content\/themes\/hello-elementor\/assets\/amcharts\/4\/themes\/animated.js\"><\/script>\r\n\r\n<!-- Chart code -->\r\n<script>\r\nam4core.useTheme(am4themes_animated);\r\nam4core.addLicense(\"CHXX\");\r\nam4core.addLicense(\"MPXX\");\r\n\r\n\/\/ Themes end\r\n\r\nvar prefix=\"\";\r\npathname=document.location.pathname;\r\nif(pathname.substr(1,2)==\"de\") prefix=\"\/de\";\r\nif(pathname.substr(1,2)==\"es\") prefix=\"\/es\";\r\nvar chart = am4core.create(\"chartdiv\", am4maps.MapChart);\r\n\r\n\/\/ Set map definition\r\nchart.geodata = am4geodata_worldLow;\r\n\r\n\/\/ Set projection\r\nchart.projection = new am4maps.projections.Miller();\r\n\r\n\/\/ Create map polygon series\r\nvar polygonSeries = chart.series.push(new am4maps.MapPolygonSeries());\r\n\r\n\/\/ Make map load polygon (like country names) data from GeoJSON\r\npolygonSeries.useGeodata = true;\r\n\r\n\/\/ Remove Antarctica\r\npolygonSeries.exclude = [\"AQ\"];\r\n\/\/ Configure series\r\nvar polygonTemplate = polygonSeries.mapPolygons.template;\r\npolygonTemplate.togglable = true;\r\npolygonTemplate.tooltipText = \"{name}\";\r\npolygonTemplate.fill = am4core.color(\"#158897\"); \/\/ color world\r\npolygonTemplate.stroke = am4core.color(\"#ffffff\");\r\nvar lastSelected;\r\npolygonTemplate.strokeWidth = 0.5;\r\n\r\n\/\/chart.dataSource.url = \"\/module\/test_project_data.php\";\r\n\/\/chart.dataSource.parser = new am4core.JSONParser();\r\n\/\/chart.dataSource.parser.options.emptyAs = 0;\r\n\r\n\r\n\/\/ Add some data\r\npolygonSeries.data = [\r\n\r\n{ \"id\": \"JO\",\"url\": prefix+\"\/jordan\/\",\"fill\": am4core.color(\"#d79424\") },\r\n{ \"id\": \"UG\",\"url\": prefix+\"\/uganda\/\",\"fill\": am4core.color(\"#d79424\") },\r\n{ \"id\": \"PK\", \"url\": prefix+\"\/pakistan\/\",\"fill\": am4core.color(\"#d79424\")}, \r\n{ \"id\": \"CO\", \"url\": prefix+\"\/colombia\/\",\"fill\": am4core.color(\"#d79424\")},\r\n];\r\n\r\n \r\npolygonTemplate.events.on(\"hit\", function(ev) {\r\n\t\r\n\t\r\n\tif (lastSelected) {\r\n \r\n    lastSelected.isActive = false;\r\n  }\r\n  ev.target.series.chart.zoomToMapObject(ev.target);\r\n  if (lastSelected !== ev.target) {\r\n    lastSelected = ev.target;\r\n  }\r\n  \r\n  \r\n    var data = ev.target.dataItem.dataContext;\r\n    if (data.url) {document.location = data.url; }\r\n\r\n});\r\n\r\n\r\npolygonTemplate.propertyFields.fill = \"fill\";\r\n\r\n\r\n\/\/ Create hover state and set alternative fill color\r\nvar hs = polygonTemplate.states.create(\"hover\");\r\nhs.properties.fill = chart.colors.getIndex(0).brighten(-0.5);\r\n\r\n\/\/ Zoom control\r\nchart.zoomControl = new am4maps.ZoomControl();\r\n\r\nvar homeButton = new am4core.Button();\r\nhomeButton.events.on(\"hit\", function(){\r\n  chart.goHome();\r\n});\r\n\r\nhomeButton.icon = new am4core.Sprite();\r\nhomeButton.padding(7, 5, 7, 5);\r\nhomeButton.width = 30;\r\nhomeButton.icon.path = \"M16,8 L14,8 L14,16 L10,16 L10,10 L6,10 L6,16 L2,16 L2,8 L0,8 L8,0 L16,8 Z M16,8\";\r\nhomeButton.marginBottom = 10;\r\nhomeButton.parent = chart.zoomControl;\r\nhomeButton.insertBefore(chart.zoomControl.plusButton);\r\n<\/script>\r\n\r\n<!-- HTML -->\r\n<div id=\"chartdiv\"><\/div>\n\n<\/div>\n\t\t\t\t\t\t<\/div>\n\t\t\t\t<\/div>\n\t\t\t\t\t<\/div>\n\t\t<\/div>\n\t\t\t\t<div class=\"elementor-column elementor-col-25 elementor-top-column elementor-element elementor-element-ba9cc7f\" data-id=\"ba9cc7f\" data-element_type=\"column\" data-e-type=\"column\">\n\t\t\t<div class=\"elementor-widget-wrap\">\n\t\t\t\t\t\t\t<\/div>\n\t\t<\/div>\n\t\t\t\t\t<\/div>\n\t\t<\/section>\n\t\t\t\t<section class=\"elementor-section elementor-top-section elementor-element elementor-element-cc5ccaf elementor-section-boxed elementor-section-height-default elementor-section-height-default\" data-id=\"cc5ccaf\" data-element_type=\"section\" data-e-type=\"section\">\n\t\t\t\t\t\t<div class=\"elementor-container elementor-column-gap-default\">\n\t\t\t\t\t<div class=\"elementor-column elementor-col-100 elementor-top-column elementor-element elementor-element-ede9b7a\" data-id=\"ede9b7a\" data-element_type=\"column\" data-e-type=\"column\">\n\t\t\t<div class=\"elementor-widget-wrap elementor-element-populated\">\n\t\t\t\t\t\t<div class=\"elementor-element elementor-element-87b926b elementor-widget elementor-widget-text-editor\" data-id=\"87b926b\" data-element_type=\"widget\" data-e-type=\"widget\" data-widget_type=\"text-editor.default\">\n\t\t\t\t<div class=\"elementor-widget-container\">\n\t\t\t\t\t\t\t\t\t<section class=\"white-section\"><div class=\"container bg_white box-content text-center\"><div class=\"row p-w\"><div class=\"row auswahl center mx-auto\"><div class=\"col-12\"><p>Sanitation for Millions setzt derzeit Ma\u00dfnahmen in Jordanien, Kolumbien, Pakistan und Uganda um. Erfahre auf den L\u00e4nderseiten mehr dar\u00fcber, wie wir durch unsere Arbeit den Zugang zu sicherer Sanit\u00e4rversorgung und Hygiene verbessern.<\/p><\/div><\/div><\/div><\/div><\/section><footer class=\"py-0\"><div class=\"container bg_footer text-light p-5\"><div class=\"row pl-5 ml\u00f6-5\"><div class=\"col-sm-12 col-md-6 col-lg-3 mr-0 ml-0\">\u00a0<\/div><\/div><\/div><\/footer>\t\t\t\t\t\t\t\t<\/div>\n\t\t\t\t<\/div>\n\t\t\t\t\t<\/div>\n\t\t<\/div>\n\t\t\t\t\t<\/div>\n\t\t<\/section>\n\t\t\t\t<section class=\"elementor-section elementor-top-section elementor-element elementor-element-26e3dc7 elementor-section-boxed elementor-section-height-default elementor-section-height-default\" data-id=\"26e3dc7\" data-element_type=\"section\" data-e-type=\"section\">\n\t\t\t\t\t\t<div class=\"elementor-container elementor-column-gap-default\">\n\t\t\t\t\t<div class=\"elementor-column elementor-col-100 elementor-top-column elementor-element elementor-element-0a0e439\" data-id=\"0a0e439\" data-element_type=\"column\" data-e-type=\"column\">\n\t\t\t<div class=\"elementor-widget-wrap elementor-element-populated\">\n\t\t\t\t\t\t<div class=\"elementor-element elementor-element-3ae3fd1 elementor-widget elementor-widget-html\" data-id=\"3ae3fd1\" data-element_type=\"widget\" data-e-type=\"widget\" data-widget_type=\"html.default\">\n\t\t\t\t<div class=\"elementor-widget-container\">\n\t\t\t\t\t<center>\n    <select class=\"select-country minimal\" style=\"width:200px;\" onchange=\"document.location=this.value;\">\n    <option value=\"\">Land ausw\u00e4hlen<\/option>\n    <option value=\"\/de\/jordanien\/\">Jordanien<\/option>\n    <option value=\"\/de\/uganda\">Uganda<\/option>\n    <option value=\"\/de\/pakistan\/\">Pakistan<\/option>\n    <option value=\"\/de\/crew\/\">CReW+<\/option>\n    <\/select>\n<\/center>\t\t\t\t<\/div>\n\t\t\t\t<\/div>\n\t\t\t\t\t<\/div>\n\t\t<\/div>\n\t\t\t\t\t<\/div>\n\t\t<\/section>\n\t\t\t\t<\/div>\n\t\t","protected":false},"excerpt":{"rendered":"<p>Wo wir arbeiten Finde heraus, in welchen L\u00e4ndern wir arbeiten Projektl\u00e4nder Sanitation for Millions setzt derzeit Ma\u00dfnahmen in Jordanien, Kolumbien, Pakistan und Uganda um. Erfahre auf den L\u00e4nderseiten mehr dar\u00fcber, wie wir durch unsere Arbeit den Zugang zu sicherer Sanit\u00e4rversorgung und Hygiene verbessern. \u00a0 Land ausw\u00e4hlenJordanienUgandaPakistanCReW+<\/p>\n","protected":false},"author":8,"featured_media":0,"parent":0,"menu_order":0,"comment_status":"closed","ping_status":"closed","template":"","meta":{"_acf_changed":false,"footnotes":""},"class_list":["post-4714","page","type-page","status-publish","hentry"],"acf":[],"_links":{"self":[{"href":"https:\/\/www.sanitationformillions.org\/de\/wp-json\/wp\/v2\/pages\/4714","targetHints":{"allow":["GET"]}}],"collection":[{"href":"https:\/\/www.sanitationformillions.org\/de\/wp-json\/wp\/v2\/pages"}],"about":[{"href":"https:\/\/www.sanitationformillions.org\/de\/wp-json\/wp\/v2\/types\/page"}],"author":[{"embeddable":true,"href":"https:\/\/www.sanitationformillions.org\/de\/wp-json\/wp\/v2\/users\/8"}],"replies":[{"embeddable":true,"href":"https:\/\/www.sanitationformillions.org\/de\/wp-json\/wp\/v2\/comments?post=4714"}],"version-history":[{"count":28,"href":"https:\/\/www.sanitationformillions.org\/de\/wp-json\/wp\/v2\/pages\/4714\/revisions"}],"predecessor-version":[{"id":9872,"href":"https:\/\/www.sanitationformillions.org\/de\/wp-json\/wp\/v2\/pages\/4714\/revisions\/9872"}],"wp:attachment":[{"href":"https:\/\/www.sanitationformillions.org\/de\/wp-json\/wp\/v2\/media?parent=4714"}],"curies":[{"name":"wp","href":"https:\/\/api.w.org\/{rel}","templated":true}]}}